{"id":19082,"date":"2026-04-29T07:14:15","date_gmt":"2026-04-29T07:14:15","guid":{"rendered":"https:\/\/cintacorstorplanetgroup.com\/product\/tapis-bamboo-cool-wenge\/"},"modified":"2026-04-27T09:55:45","modified_gmt":"2026-04-27T09:55:45","slug":"tapis-bamboo-cool-wenge","status":"publish","type":"product","link":"https:\/\/cintacorstorplanetgroup.com\/fr\/produit\/tapis-bamboo-cool-wenge\/","title":{"rendered":"Tapis BAMBOO COOL Weng\u00e9"},"content":{"rendered":"<p>Les tapis BAMBOO COOL sont confectionn\u00e9s en bambou naturel, un mat\u00e9riau durable qui se distingue par son esth\u00e9tique organique et intemporelle. Leur vernis mat pr\u00e9serve l\u2019effet naturel du mat\u00e9riau, avec une l\u00e9g\u00e8re imperfection de surface au charme authentique. La finition sans bordure, avec coupe polie, offre une image nette et \u00e9pur\u00e9e, parfaitement en phase avec les int\u00e9rieurs actuels et les espaces d\u2019inspiration rustique contemporaine. Leur effet lame de parquet \u00e9voque l\u2019apparence d\u2019un sol en bois, en apportant continuit\u00e9 visuelle ainsi qu\u2019une sensation d\u2019ordre et d\u2019ampleur dans la pi\u00e8ce. La chaleur du bambou, associ\u00e9e \u00e0 la simplicit\u00e9 sophistiqu\u00e9e de leurs finitions, fait de ces tapis des pi\u00e8ces d\u00e9coratives polyvalentes, capables de s\u2019int\u00e9grer aussi bien dans des ambiances modernes que dans des d\u00e9cors naturels ou de style japonais, nordique ou m\u00e9diterran\u00e9en. Id\u00e9als pour les salons, salles \u00e0 manger, salles de bains, chambres ou espaces o\u00f9 l\u2019on recherche une \u00e9l\u00e9gance sereine, naturelle et fonctionnelle.<\/p>\n","protected":false},"excerpt":{"rendered":"<p>Tapis naturel en lames de bambou, verni mat, avec envers antid\u00e9rapant. La chaleur du mat\u00e9riau apporte une touche d\u00e9corative dans tous les coins de la maison.<\/p>\n","protected":false},"featured_media":19084,"comment_status":"closed","ping_status":"closed","template":"","meta":{"_acf_changed":false},"product_brand":[],"product_cat":[867,870],"product_tag":[],"class_list":{"0":"post-19082","1":"product","2":"type-product","3":"status-publish","4":"has-post-thumbnail","6":"product_cat-tapis","7":"product_cat-tapis-en-bambou","9":"first","10":"instock","11":"product-type-variable"},"acf":[],"_links":{"self":[{"href":"https:\/\/cintacorstorplanetgroup.com\/fr\/wp-json\/wp\/v2\/product\/19082","targetHints":{"allow":["GET"]}}],"collection":[{"href":"https:\/\/cintacorstorplanetgroup.com\/fr\/wp-json\/wp\/v2\/product"}],"about":[{"href":"https:\/\/cintacorstorplanetgroup.com\/fr\/wp-json\/wp\/v2\/types\/product"}],"replies":[{"embeddable":true,"href":"https:\/\/cintacorstorplanetgroup.com\/fr\/wp-json\/wp\/v2\/comments?post=19082"}],"wp:featuredmedia":[{"embeddable":true,"href":"https:\/\/cintacorstorplanetgroup.com\/fr\/wp-json\/wp\/v2\/media\/19084"}],"wp:attachment":[{"href":"https:\/\/cintacorstorplanetgroup.com\/fr\/wp-json\/wp\/v2\/media?parent=19082"}],"wp:term":[{"taxonomy":"product_brand","embeddable":true,"href":"https:\/\/cintacorstorplanetgroup.com\/fr\/wp-json\/wp\/v2\/product_brand?post=19082"},{"taxonomy":"product_cat","embeddable":true,"href":"https:\/\/cintacorstorplanetgroup.com\/fr\/wp-json\/wp\/v2\/product_cat?post=19082"},{"taxonomy":"product_tag","embeddable":true,"href":"https:\/\/cintacorstorplanetgroup.com\/fr\/wp-json\/wp\/v2\/product_tag?post=19082"}],"curies":[{"name":"wp","href":"https:\/\/api.w.org\/{rel}","templated":true}]}}