{"id":19243,"date":"2026-04-29T07:27:51","date_gmt":"2026-04-29T07:27:51","guid":{"rendered":"https:\/\/cintacorstorplanetgroup.com\/product\/tapis-croma-patch-textil-2\/"},"modified":"2026-04-27T10:00:59","modified_gmt":"2026-04-27T10:00:59","slug":"tapis-croma-patch-textil-2","status":"publish","type":"product","link":"https:\/\/cintacorstorplanetgroup.com\/fr\/produit\/tapis-croma-patch-textil-2\/","title":{"rendered":"Tapis CROMA Patch Textil"},"content":{"rendered":"<p>Les tapis CROMA se distinguent par leur c\u00f4t\u00e9 pratique, confortable et d\u00e9coratif, id\u00e9als pour apporter chaleur et personnalit\u00e9 \u00e0 n\u2019importe quelle pi\u00e8ce de la maison et pour en renouveler facilement l\u2019image. Leur mati\u00e8re moelleuse procure une marche confortable avec effet anti-fatigue. Une large vari\u00e9t\u00e9 de designs attrayants, inspir\u00e9s des carreaux de ciment, de messages positifs, de dessins enfantins, de g\u00e9om\u00e9tries contemporaines, ainsi que de la tradition des kilims et des jarapas, s\u2019adapte \u00e0 diff\u00e9rents styles et ambiances. Une touche de couleur et de personnalit\u00e9 dans les salles de bains, au pied du lit, dans les cuisines, etc.<\/p>\n","protected":false},"excerpt":{"rendered":"<p>Tapis pratique, confortable et d\u00e9coratif. Sa mati\u00e8re moelleuse procure un agr\u00e9able effet anti-fatigue. Une touche de chaleur et de design qui actualise l\u2019image de toutes les pi\u00e8ces de la maison.<\/p>\n","protected":false},"featured_media":19245,"comment_status":"closed","ping_status":"closed","template":"","meta":{"_acf_changed":false},"product_brand":[],"product_cat":[867,868],"product_tag":[],"class_list":{"0":"post-19243","1":"product","2":"type-product","3":"status-publish","4":"has-post-thumbnail","6":"product_cat-tapis","7":"product_cat-tapis-vinyles","9":"first","10":"instock","11":"product-type-variable"},"acf":[],"_links":{"self":[{"href":"https:\/\/cintacorstorplanetgroup.com\/fr\/wp-json\/wp\/v2\/product\/19243","targetHints":{"allow":["GET"]}}],"collection":[{"href":"https:\/\/cintacorstorplanetgroup.com\/fr\/wp-json\/wp\/v2\/product"}],"about":[{"href":"https:\/\/cintacorstorplanetgroup.com\/fr\/wp-json\/wp\/v2\/types\/product"}],"replies":[{"embeddable":true,"href":"https:\/\/cintacorstorplanetgroup.com\/fr\/wp-json\/wp\/v2\/comments?post=19243"}],"wp:featuredmedia":[{"embeddable":true,"href":"https:\/\/cintacorstorplanetgroup.com\/fr\/wp-json\/wp\/v2\/media\/19245"}],"wp:attachment":[{"href":"https:\/\/cintacorstorplanetgroup.com\/fr\/wp-json\/wp\/v2\/media?parent=19243"}],"wp:term":[{"taxonomy":"product_brand","embeddable":true,"href":"https:\/\/cintacorstorplanetgroup.com\/fr\/wp-json\/wp\/v2\/product_brand?post=19243"},{"taxonomy":"product_cat","embeddable":true,"href":"https:\/\/cintacorstorplanetgroup.com\/fr\/wp-json\/wp\/v2\/product_cat?post=19243"},{"taxonomy":"product_tag","embeddable":true,"href":"https:\/\/cintacorstorplanetgroup.com\/fr\/wp-json\/wp\/v2\/product_tag?post=19243"}],"curies":[{"name":"wp","href":"https:\/\/api.w.org\/{rel}","templated":true}]}}