{"id":19261,"date":"2026-04-29T07:29:32","date_gmt":"2026-04-29T07:29:32","guid":{"rendered":"https:\/\/cintacorstorplanetgroup.com\/product\/rouleau-living-pro-gris-largeur-60cm\/"},"modified":"2026-04-27T10:01:20","modified_gmt":"2026-04-27T10:01:20","slug":"rouleau-living-pro-gris-largeur-60cm","status":"publish","type":"product","link":"https:\/\/cintacorstorplanetgroup.com\/fr\/produit\/rouleau-living-pro-gris-largeur-60cm\/","title":{"rendered":"Rouleau LIVING PRO Gris Largeur 60cm"},"content":{"rendered":"<p>Rev\u00eatements en vinyle tiss\u00e9 LIVING PRO \u00e0 texture de fibre naturelle et envers plastifi\u00e9, vendus au m\u00e8tre lin\u00e9aire en diff\u00e9rentes largeurs de rouleau. Ils r\u00e9unissent tous les avantages des tapis LIVING dans un format XL, id\u00e9al comme tapis de couloir ou comme moquette.<br \/>\nPolyvalent et \u00e9l\u00e9gant, ce produit convient \u00e0 toutes les pi\u00e8ces de la maison, \u00e0 l\u2019int\u00e9rieur comme \u00e0 l\u2019ext\u00e9rieur, ainsi qu\u2019aux bureaux, h\u00f4tels et espaces commerciaux, en particulier dans les zones de fort passage. Lavable et facile \u00e0 entretenir, il se nettoie \u00e0 la serpilli\u00e8re comme un sol et permet une d\u00e9sinfection \u00e0 l\u2019eau de Javel dilu\u00e9e \u00e0 5 %. Produits certifi\u00e9s, conformes aux normes europ\u00e9ennes.<\/p>\n","protected":false},"excerpt":{"rendered":"<p>Vinyle tiss\u00e9 en rouleau, qualit\u00e9 maximale pour habiller les sols avec confort et hautes performances. Texture \u00e9l\u00e9gante, lavable, imperm\u00e9able, antid\u00e9rapante, extra-plate, r\u00e9sistante aux frottements, \u00e0 l\u2019humidit\u00e9 et au feu, anti-acariens. Isolant acoustique et thermique.<\/p>\n","protected":false},"featured_media":27705,"comment_status":"closed","ping_status":"closed","template":"","meta":{"_acf_changed":false},"product_brand":[],"product_cat":[871,867],"product_tag":[],"class_list":{"0":"post-19261","1":"product","2":"type-product","3":"status-publish","4":"has-post-thumbnail","6":"product_cat-revetement-en-vinyle-tisse","7":"product_cat-tapis","9":"first","10":"instock","11":"product-type-simple"},"acf":[],"_links":{"self":[{"href":"https:\/\/cintacorstorplanetgroup.com\/fr\/wp-json\/wp\/v2\/product\/19261","targetHints":{"allow":["GET"]}}],"collection":[{"href":"https:\/\/cintacorstorplanetgroup.com\/fr\/wp-json\/wp\/v2\/product"}],"about":[{"href":"https:\/\/cintacorstorplanetgroup.com\/fr\/wp-json\/wp\/v2\/types\/product"}],"replies":[{"embeddable":true,"href":"https:\/\/cintacorstorplanetgroup.com\/fr\/wp-json\/wp\/v2\/comments?post=19261"}],"wp:featuredmedia":[{"embeddable":true,"href":"https:\/\/cintacorstorplanetgroup.com\/fr\/wp-json\/wp\/v2\/media\/27705"}],"wp:attachment":[{"href":"https:\/\/cintacorstorplanetgroup.com\/fr\/wp-json\/wp\/v2\/media?parent=19261"}],"wp:term":[{"taxonomy":"product_brand","embeddable":true,"href":"https:\/\/cintacorstorplanetgroup.com\/fr\/wp-json\/wp\/v2\/product_brand?post=19261"},{"taxonomy":"product_cat","embeddable":true,"href":"https:\/\/cintacorstorplanetgroup.com\/fr\/wp-json\/wp\/v2\/product_cat?post=19261"},{"taxonomy":"product_tag","embeddable":true,"href":"https:\/\/cintacorstorplanetgroup.com\/fr\/wp-json\/wp\/v2\/product_tag?post=19261"}],"curies":[{"name":"wp","href":"https:\/\/api.w.org\/{rel}","templated":true}]}}