{"id":19281,"date":"2026-04-29T07:32:15","date_gmt":"2026-04-29T07:32:15","guid":{"rendered":"https:\/\/cintacorstorplanetgroup.com\/product\/tapis-living-beige-blanc\/"},"modified":"2026-04-27T10:02:36","modified_gmt":"2026-04-27T10:02:36","slug":"tapis-living-beige-blanc","status":"publish","type":"product","link":"https:\/\/cintacorstorplanetgroup.com\/fr\/produit\/tapis-living-beige-blanc\/","title":{"rendered":"Tapis LIVING Beige-Blanc"},"content":{"rendered":"<p>Les tapis LIVING, au style moderne et \u00e9l\u00e9gant, arborent des designs attrayants qui apportent du caract\u00e8re et de la personnalit\u00e9 \u00e0 n\u2019importe quel espace. Fabriqu\u00e9s avec des mat\u00e9riaux de haute qualit\u00e9, ils int\u00e8grent un envers antid\u00e9rapant et offrent une excellente r\u00e9sistance aux frottements et \u00e0 l\u2019humidit\u00e9, garantissant une grande durabilit\u00e9, m\u00eame en usage intensif.<br \/>\nLeur finition innovante sans bordure renforce une esth\u00e9tique nette, actuelle et sophistiqu\u00e9e, qui s\u2019int\u00e8gre naturellement dans les ambiances contemporaines. Gr\u00e2ce \u00e0 leur grande polyvalence, ils conviennent \u00e0 toutes les pi\u00e8ces de la maison, \u00e0 l\u2019int\u00e9rieur comme \u00e0 l\u2019ext\u00e9rieur, et sont particuli\u00e8rement recommand\u00e9s pour les zones de fort passage, les couloirs et les entr\u00e9es.<br \/>\nIls agissent comme une barri\u00e8re efficace contre la salet\u00e9 en retenant les r\u00e9sidus des chaussures, et leur design extra-plat permet aux portes de passer facilement au-dessus. Leur excellente tenue et leur fermet\u00e9 assurent une marche stable et s\u00fbre, \u00e9vitant les tr\u00e9buchements et les accidents ; de plus, ils ne glissent pas, m\u00eame mouill\u00e9s.<br \/>\nIls offrent \u00e9galement une isolation thermique et acoustique, en amortissant le bruit des pas et en am\u00e9liorant le confort de l\u2019espace. Ils repoussent la poussi\u00e8re et les poils d\u2019animaux, ce qui en fait une option id\u00e9ale pour les personnes allergiques.<br \/>\nLeur mat\u00e9riau n\u2019est pas nocif pour la sant\u00e9 et respecte les contr\u00f4les stricts de l\u2019Union europ\u00e9enne, en r\u00e9ussissant le test REACH, ce qui garantit un usage s\u00fbr \u00e0 la maison.<br \/>\nPratiques et fonctionnels, ils se nettoient facilement \u00e0 la serpilli\u00e8re et ne n\u00e9cessitent pas de nettoyage \u00e0 sec, ce qui facilite l\u2019entretien quotidien sans renoncer au design.<\/p>\n","protected":false},"excerpt":{"rendered":"<p>Tapis en vinyle tiss\u00e9 de haute qualit\u00e9, alliant s\u00e9curit\u00e9 et confort. \u00c9l\u00e9gant, antid\u00e9rapant et extra-plat. R\u00e9siste \u00e0 l\u2019humidit\u00e9, \u00e0 l\u2019usure et au feu, est lavable et aide \u00e0 maintenir un environnement plus sain.<\/p>\n","protected":false},"featured_media":19283,"comment_status":"closed","ping_status":"closed","template":"","meta":{"_acf_changed":false},"product_brand":[],"product_cat":[867,869],"product_tag":[],"class_list":{"0":"post-19281","1":"product","2":"type-product","3":"status-publish","4":"has-post-thumbnail","6":"product_cat-tapis","7":"product_cat-tapis-vinyles-tisses","9":"first","10":"instock","11":"product-type-variable"},"acf":[],"_links":{"self":[{"href":"https:\/\/cintacorstorplanetgroup.com\/fr\/wp-json\/wp\/v2\/product\/19281","targetHints":{"allow":["GET"]}}],"collection":[{"href":"https:\/\/cintacorstorplanetgroup.com\/fr\/wp-json\/wp\/v2\/product"}],"about":[{"href":"https:\/\/cintacorstorplanetgroup.com\/fr\/wp-json\/wp\/v2\/types\/product"}],"replies":[{"embeddable":true,"href":"https:\/\/cintacorstorplanetgroup.com\/fr\/wp-json\/wp\/v2\/comments?post=19281"}],"wp:featuredmedia":[{"embeddable":true,"href":"https:\/\/cintacorstorplanetgroup.com\/fr\/wp-json\/wp\/v2\/media\/19283"}],"wp:attachment":[{"href":"https:\/\/cintacorstorplanetgroup.com\/fr\/wp-json\/wp\/v2\/media?parent=19281"}],"wp:term":[{"taxonomy":"product_brand","embeddable":true,"href":"https:\/\/cintacorstorplanetgroup.com\/fr\/wp-json\/wp\/v2\/product_brand?post=19281"},{"taxonomy":"product_cat","embeddable":true,"href":"https:\/\/cintacorstorplanetgroup.com\/fr\/wp-json\/wp\/v2\/product_cat?post=19281"},{"taxonomy":"product_tag","embeddable":true,"href":"https:\/\/cintacorstorplanetgroup.com\/fr\/wp-json\/wp\/v2\/product_tag?post=19281"}],"curies":[{"name":"wp","href":"https:\/\/api.w.org\/{rel}","templated":true}]}}