{"id":22867,"date":"2026-04-29T07:02:13","date_gmt":"2026-04-29T07:02:13","guid":{"rendered":"https:\/\/cintacorstorplanetgroup.com\/product\/tappeto-living-cornice2-gold\/"},"modified":"2026-04-27T06:51:28","modified_gmt":"2026-04-27T06:51:28","slug":"tappeto-living-cornice2-gold","status":"publish","type":"product","link":"https:\/\/cintacorstorplanetgroup.com\/it\/prodotto\/tappeto-living-cornice2-gold\/","title":{"rendered":"Tappeto LIVING Cornice2 Gold"},"content":{"rendered":"<p>Tappeti LIVING dallo stile moderno ed elegante, con design accattivanti che donano carattere e personalit\u00e0 a qualsiasi ambiente. Realizzati con materiali di alta qualit\u00e0, incorporano un retro antiscivolo e offrono un&#8217;eccellente resistenza all&#8217;usura e all&#8217;umidit\u00e0, garantendo durata anche in condizioni di uso intensivo.<br \/>\nLa loro innovativa finitura senza bordo rafforza un&#8217;estetica pulita, attuale e sofisticata, integrandosi con naturalezza negli ambienti contemporanei. Grazie alla loro grande versatilit\u00e0, sono adatti a qualsiasi stanza della casa, sia all&#8217;interno sia all&#8217;esterno, e sono particolarmente consigliati per zone di passaggio intenso, corridoi e ingressi.<br \/>\nAgiscono come una barriera efficace contro lo sporco, trattenendo i residui delle calzature, e il loro design extra piatto permette alle porte di passare comodamente sopra. La loro stabilit\u00e0 e fermezza assicurano un passo stabile e sicuro, evitando inciampi e incidenti; inoltre, non scivolano, neppure quando sono bagnati.<br \/>\nOffrono anche isolamento termico e acustico, attenuando il rumore dei passi e migliorando il comfort dello spazio. Respingono la polvere e il pelo degli animali domestici, diventando un&#8217;opzione ideale per le persone allergiche.<br \/>\nIl loro materiale non \u00e8 nocivo per la salute e rispetta i rigorosi controlli dell&#8217;Unione Europea, superando il test REACH, garanzia di un utilizzo sicuro in casa.<br \/>\nPratici e funzionali, si puliscono facilmente con il mocio e non richiedono il lavaggio a secco, facilitando la manutenzione quotidiana senza rinunciare al design.<\/p>\n","protected":false},"excerpt":{"rendered":"<p>Tappeto in vinile intrecciato di alta qualit\u00e0 che offre sicurezza e comfort. Elegante, antiscivolo ed extra piatto. Resiste all&#8217;umidit\u00e0, all&#8217;usura e al fuoco, \u00e8 lavabile e aiuta a mantenere un ambiente pi\u00f9 sano.<\/p>\n","protected":false},"featured_media":22869,"comment_status":"closed","ping_status":"closed","template":"","meta":{"_acf_changed":false},"product_brand":[],"product_cat":[1101,1103],"product_tag":[],"class_list":{"0":"post-22867","1":"product","2":"type-product","3":"status-publish","4":"has-post-thumbnail","6":"product_cat-tappeti","7":"product_cat-tappeti-in-vinile-intrecciato","9":"first","10":"instock","11":"product-type-variable","12":"has-default-attributes"},"acf":[],"_links":{"self":[{"href":"https:\/\/cintacorstorplanetgroup.com\/it\/wp-json\/wp\/v2\/product\/22867","targetHints":{"allow":["GET"]}}],"collection":[{"href":"https:\/\/cintacorstorplanetgroup.com\/it\/wp-json\/wp\/v2\/product"}],"about":[{"href":"https:\/\/cintacorstorplanetgroup.com\/it\/wp-json\/wp\/v2\/types\/product"}],"replies":[{"embeddable":true,"href":"https:\/\/cintacorstorplanetgroup.com\/it\/wp-json\/wp\/v2\/comments?post=22867"}],"wp:featuredmedia":[{"embeddable":true,"href":"https:\/\/cintacorstorplanetgroup.com\/it\/wp-json\/wp\/v2\/media\/22869"}],"wp:attachment":[{"href":"https:\/\/cintacorstorplanetgroup.com\/it\/wp-json\/wp\/v2\/media?parent=22867"}],"wp:term":[{"taxonomy":"product_brand","embeddable":true,"href":"https:\/\/cintacorstorplanetgroup.com\/it\/wp-json\/wp\/v2\/product_brand?post=22867"},{"taxonomy":"product_cat","embeddable":true,"href":"https:\/\/cintacorstorplanetgroup.com\/it\/wp-json\/wp\/v2\/product_cat?post=22867"},{"taxonomy":"product_tag","embeddable":true,"href":"https:\/\/cintacorstorplanetgroup.com\/it\/wp-json\/wp\/v2\/product_tag?post=22867"}],"curies":[{"name":"wp","href":"https:\/\/api.w.org\/{rel}","templated":true}]}}